{"id":526,"date":"2017-12-05T14:45:49","date_gmt":"2017-12-05T12:45:49","guid":{"rendered":"https:\/\/www.botnia-canoe.fi\/?page_id=526"},"modified":"2025-05-07T09:41:02","modified_gmt":"2025-05-07T07:41:02","slug":"hem","status":"publish","type":"page","link":"https:\/\/www.botnia-canoe.fi\/fi\/","title":{"rendered":"Hem"},"content":{"rendered":"\t\t<div data-elementor-type=\"wp-page\" data-elementor-id=\"526\" class=\"elementor elementor-526\">\n\t\t\t\t\t\t<section class=\"elementor-section elementor-top-section elementor-element elementor-element-c8435f5 elementor-section-full_width elementor-section-stretched elementor-section-height-default elementor-section-height-default\" data-id=\"c8435f5\" data-element_type=\"section\" data-settings=\"{&quot;stretch_section&quot;:&quot;section-stretched&quot;}\">\n\t\t\t\t\t\t\t<div class=\"elementor-background-overlay\"><\/div>\n\t\t\t\t\t\t\t<div class=\"elementor-container elementor-column-gap-default\">\n\t\t\t\t\t<div class=\"elementor-column elementor-col-50 elementor-top-column elementor-element elementor-element-81de703\" data-id=\"81de703\" data-element_type=\"column\">\n\t\t\t<div class=\"elementor-widget-wrap elementor-element-populated\">\n\t\t\t\t\t\t<div class=\"elementor-element elementor-element-970593c elementor-hidden-tablet elementor-hidden-mobile elementor-widget elementor-widget-spacer\" data-id=\"970593c\" data-element_type=\"widget\" data-widget_type=\"spacer.default\">\n\t\t\t\t<div class=\"elementor-widget-container\">\n\t\t\t\t\t\t\t<div class=\"elementor-spacer\">\n\t\t\t<div class=\"elementor-spacer-inner\"><\/div>\n\t\t<\/div>\n\t\t\t\t\t\t<\/div>\n\t\t\t\t<\/div>\n\t\t\t\t<div class=\"elementor-element elementor-element-8b54b97 elementor-hidden-desktop elementor-widget elementor-widget-text-editor\" data-id=\"8b54b97\" data-element_type=\"widget\" data-widget_type=\"text-editor.default\">\n\t\t\t\t<div class=\"elementor-widget-container\">\n\t\t\t\t\t\t\t\t\t<p style=\"text-align: center;\"><em><span style=\"font-family: 'trebuchet ms', geneva, sans-serif; font-size: 16px;\"><br \/><\/span><\/em><br \/><em><span style=\"font-size: 16px; font-family: 'trebuchet ms', geneva, sans-serif;\"><span lang=\"en-US\">Kajakkiseura Botnia Canoe perustettiin 1996.\u00a0<br \/><\/span>Seura toimii Pietarsaaressa ja sen ymp\u00e4rist\u00f6ss\u00e4.<\/span><span style=\"font-size: 16px; font-family: 'trebuchet ms', geneva, sans-serif;\"><\/span><\/em><\/p>\t\t\t\t\t\t\t\t<\/div>\n\t\t\t\t<\/div>\n\t\t\t\t<div class=\"elementor-element elementor-element-67abf9d elementor-hidden-tablet elementor-hidden-mobile elementor-widget elementor-widget-text-editor\" data-id=\"67abf9d\" data-element_type=\"widget\" data-widget_type=\"text-editor.default\">\n\t\t\t\t<div class=\"elementor-widget-container\">\n\t\t\t\t\t\t\t\t\t<p style=\"text-align: center;\"><span style=\"font-family: 'trebuchet ms', geneva, sans-serif; font-size: 28px;\"><\/span><br \/><span style=\"font-size: 28px;\"><span style=\"font-family: 'trebuchet ms', geneva, sans-serif;\"><span lang=\"en-US\">Kajakkiseura Botnia Canoe perustettiin 1996.\u00a0<br \/><\/span>Seura toimii Pietarsaaressa ja sen ymp\u00e4rist\u00f6ss\u00e4.<br \/><\/span><span style=\"font-family: 'trebuchet ms', geneva, sans-serif;\"><\/span><\/span><\/p>\t\t\t\t\t\t\t\t<\/div>\n\t\t\t\t<\/div>\n\t\t\t\t\t<\/div>\n\t\t<\/div>\n\t\t\t\t<div class=\"elementor-column elementor-col-50 elementor-top-column elementor-element elementor-element-e0d6ac8\" data-id=\"e0d6ac8\" data-element_type=\"column\">\n\t\t\t<div class=\"elementor-widget-wrap elementor-element-populated\">\n\t\t\t\t\t\t<div class=\"elementor-element elementor-element-d6350d3 elementor-widget elementor-widget-image\" data-id=\"d6350d3\" data-element_type=\"widget\" data-widget_type=\"image.default\">\n\t\t\t\t<div class=\"elementor-widget-container\">\n\t\t\t\t\t\t\t\t\t\t\t\t\t\t\t<img fetchpriority=\"high\" decoding=\"async\" width=\"700\" height=\"450\" src=\"https:\/\/www.botnia-canoe.fi\/wp-content\/uploads\/2025\/03\/kanotskjul-qsl4q9vygg9dlv0htkr4t0rm55qonxcgifvyhi8m8k.png\" class=\"attachment-large size-large wp-image-1385\" alt=\"\" srcset=\"https:\/\/www.botnia-canoe.fi\/wp-content\/uploads\/2025\/03\/kanotskjul-qsl4q9vygg9dlv0htkr4t0rm55qonxcgifvyhi8m8k.png 700w, https:\/\/www.botnia-canoe.fi\/wp-content\/uploads\/2025\/03\/kanotskjul-qsl4q9vygg9dlv0htkr4t0rm55qonxcgifvyhi8m8k-300x193.png 300w, https:\/\/www.botnia-canoe.fi\/wp-content\/uploads\/2025\/03\/kanotskjul-qsl4q9vygg9dlv0htkr4t0rm55qonxcgifvyhi8m8k-640x411.png 640w\" sizes=\"(max-width: 700px) 100vw, 700px\" \/>\t\t\t\t\t\t\t\t\t\t\t\t\t\t\t<\/div>\n\t\t\t\t<\/div>\n\t\t\t\t\t<\/div>\n\t\t<\/div>\n\t\t\t\t\t<\/div>\n\t\t<\/section>\n\t\t\t\t<section class=\"elementor-section elementor-top-section elementor-element elementor-element-d964097 elementor-section-full_width elementor-section-stretched elementor-section-height-default elementor-section-height-default\" data-id=\"d964097\" data-element_type=\"section\" data-settings=\"{&quot;stretch_section&quot;:&quot;section-stretched&quot;}\">\n\t\t\t\t\t\t\t<div class=\"elementor-background-overlay\"><\/div>\n\t\t\t\t\t\t\t<div class=\"elementor-container elementor-column-gap-default\">\n\t\t\t\t\t<div class=\"elementor-column elementor-col-100 elementor-top-column elementor-element elementor-element-8aa336c\" data-id=\"8aa336c\" data-element_type=\"column\">\n\t\t\t<div class=\"elementor-widget-wrap\">\n\t\t\t\t\t\t\t<\/div>\n\t\t<\/div>\n\t\t\t\t\t<\/div>\n\t\t<\/section>\n\t\t\t\t<section class=\"elementor-section elementor-top-section elementor-element elementor-element-c334a01 elementor-section-full_width elementor-section-stretched elementor-section-height-default elementor-section-height-default\" data-id=\"c334a01\" data-element_type=\"section\" data-settings=\"{&quot;stretch_section&quot;:&quot;section-stretched&quot;}\">\n\t\t\t\t\t\t\t<div class=\"elementor-background-overlay\"><\/div>\n\t\t\t\t\t\t\t<div class=\"elementor-container elementor-column-gap-default\">\n\t\t\t\t\t<div class=\"elementor-column elementor-col-50 elementor-top-column elementor-element elementor-element-4d539ce\" data-id=\"4d539ce\" data-element_type=\"column\">\n\t\t\t<div class=\"elementor-widget-wrap elementor-element-populated\">\n\t\t\t\t\t\t<div class=\"elementor-element elementor-element-4e74321 elementor-widget__width-initial e-transform elementor-widget elementor-widget-image\" data-id=\"4e74321\" data-element_type=\"widget\" data-settings=\"{&quot;_transform_scale_effect&quot;:{&quot;unit&quot;:&quot;px&quot;,&quot;size&quot;:&quot;&quot;,&quot;sizes&quot;:[]},&quot;_transform_scale_effect_tablet&quot;:{&quot;unit&quot;:&quot;px&quot;,&quot;size&quot;:&quot;&quot;,&quot;sizes&quot;:[]},&quot;_transform_scale_effect_mobile&quot;:{&quot;unit&quot;:&quot;px&quot;,&quot;size&quot;:&quot;&quot;,&quot;sizes&quot;:[]}}\" data-widget_type=\"image.default\">\n\t\t\t\t<div class=\"elementor-widget-container\">\n\t\t\t\t\t\t\t\t\t\t\t\t\t\t\t<img decoding=\"async\" src=\"https:\/\/www.botnia-canoe.fi\/wp-content\/uploads\/2024\/08\/asdaa-1-scaled.jpg\" title=\"asdaa\" alt=\"asdaa\" loading=\"lazy\" \/>\t\t\t\t\t\t\t\t\t\t\t\t\t\t\t<\/div>\n\t\t\t\t<\/div>\n\t\t\t\t\t<\/div>\n\t\t<\/div>\n\t\t\t\t<div class=\"elementor-column elementor-col-50 elementor-top-column elementor-element elementor-element-416044c\" data-id=\"416044c\" data-element_type=\"column\">\n\t\t\t<div class=\"elementor-widget-wrap elementor-element-populated\">\n\t\t\t\t\t\t<div class=\"elementor-element elementor-element-c562c6f elementor-hidden-tablet elementor-hidden-mobile elementor-widget elementor-widget-spacer\" data-id=\"c562c6f\" data-element_type=\"widget\" data-widget_type=\"spacer.default\">\n\t\t\t\t<div class=\"elementor-widget-container\">\n\t\t\t\t\t\t\t<div class=\"elementor-spacer\">\n\t\t\t<div class=\"elementor-spacer-inner\"><\/div>\n\t\t<\/div>\n\t\t\t\t\t\t<\/div>\n\t\t\t\t<\/div>\n\t\t\t\t<div class=\"elementor-element elementor-element-52cee57 elementor-widget elementor-widget-text-editor\" data-id=\"52cee57\" data-element_type=\"widget\" data-widget_type=\"text-editor.default\">\n\t\t\t\t<div class=\"elementor-widget-container\">\n\t\t\t\t\t\t\t\t\t<p><\/p>\t\t\t\t\t\t\t\t<\/div>\n\t\t\t\t<\/div>\n\t\t\t\t<div class=\"elementor-element elementor-element-79fc139 elementor-widget elementor-widget-text-editor\" data-id=\"79fc139\" data-element_type=\"widget\" data-widget_type=\"text-editor.default\">\n\t\t\t\t<div class=\"elementor-widget-container\">\n\t\t\t\t\t\t\t\t\t<p>Botnia Canoe harrastaa p\u00e4\u00e4asiassa melontaa eri muodoissa<br \/><\/p>\t\t\t\t\t\t\t\t<\/div>\n\t\t\t\t<\/div>\n\t\t\t\t<div class=\"elementor-element elementor-element-04338ef elementor-widget elementor-widget-text-editor\" data-id=\"04338ef\" data-element_type=\"widget\" data-widget_type=\"text-editor.default\">\n\t\t\t\t<div class=\"elementor-widget-container\">\n\t\t\t\t\t\t\t\t\t<p><\/p>\t\t\t\t\t\t\t\t<\/div>\n\t\t\t\t<\/div>\n\t\t\t\t<div class=\"elementor-element elementor-element-0b0b437 elementor-widget elementor-widget-text-editor\" data-id=\"0b0b437\" data-element_type=\"widget\" data-widget_type=\"text-editor.default\">\n\t\t\t\t<div class=\"elementor-widget-container\">\n\t\t\t\t\t\t\t\t\t<p><\/p><ul><li>retkimelonta, lyhyemm\u00e4t ja pidemm\u00e4t retket my\u00f6s y\u00f6pymisineen<\/li><li>Tiistai melonta, joka on tarkoitettu my\u00f6s aloittelijoille<\/li><li>j\u00e4rjest\u00e4\u00e4 melontatilaisuudet koululuokille, yhdistyksille ja yrityksille<\/li><li>j\u00e4rjest\u00e4\u00e4 alkeiskursseja aikuisille<\/li><li>uimahallikurssit<\/li><li>saaristomelonta joka toinen vuosi<br \/><\/li><\/ul>\t\t\t\t\t\t\t\t<\/div>\n\t\t\t\t<\/div>\n\t\t\t\t\t<\/div>\n\t\t<\/div>\n\t\t\t\t\t<\/div>\n\t\t<\/section>\n\t\t\t\t<section class=\"elementor-section elementor-top-section elementor-element elementor-element-5bdb58cf elementor-section-full_width elementor-section-stretched elementor-section-height-default elementor-section-height-default\" data-id=\"5bdb58cf\" data-element_type=\"section\" data-settings=\"{&quot;stretch_section&quot;:&quot;section-stretched&quot;}\">\n\t\t\t\t\t\t\t<div class=\"elementor-background-overlay\"><\/div>\n\t\t\t\t\t\t\t<div class=\"elementor-container elementor-column-gap-default\">\n\t\t\t\t\t<div class=\"elementor-column elementor-col-100 elementor-top-column elementor-element elementor-element-5a7ac8a7\" data-id=\"5a7ac8a7\" data-element_type=\"column\" data-settings=\"{&quot;background_background&quot;:&quot;classic&quot;}\">\n\t\t\t<div class=\"elementor-widget-wrap elementor-element-populated\">\n\t\t\t\t\t<div class=\"elementor-background-overlay\"><\/div>\n\t\t\t\t\t\t<section class=\"elementor-section elementor-inner-section elementor-element elementor-element-6d4c49c elementor-section-boxed elementor-section-height-default elementor-section-height-default\" data-id=\"6d4c49c\" data-element_type=\"section\">\n\t\t\t\t\t\t\t<div class=\"elementor-background-overlay\"><\/div>\n\t\t\t\t\t\t\t<div class=\"elementor-container elementor-column-gap-default\">\n\t\t\t\t\t<div class=\"elementor-column elementor-col-100 elementor-inner-column elementor-element elementor-element-e3d83ab\" data-id=\"e3d83ab\" data-element_type=\"column\">\n\t\t\t<div class=\"elementor-widget-wrap elementor-element-populated\">\n\t\t\t\t\t\t<div class=\"elementor-element elementor-element-d8c5e65 elementor-widget elementor-widget-text-editor\" data-id=\"d8c5e65\" data-element_type=\"widget\" data-widget_type=\"text-editor.default\">\n\t\t\t\t<div class=\"elementor-widget-container\">\n\t\t\t\t\t\t\t\t\t<p>Uusimmat uutiset l\u00f6yd\u00e4t Instagramista.<\/p><p><\/p>\t\t\t\t\t\t\t\t<\/div>\n\t\t\t\t<\/div>\n\t\t\t\t\t<\/div>\n\t\t<\/div>\n\t\t\t\t\t<\/div>\n\t\t<\/section>\n\t\t\t\t<div class=\"elementor-element elementor-element-1a465e8a elementor-widget elementor-widget-text-editor\" data-id=\"1a465e8a\" data-element_type=\"widget\" data-widget_type=\"text-editor.default\">\n\t\t\t\t<div class=\"elementor-widget-container\">\n\t\t\t\t\t\t\t\t\t\n<h1><\/h1>\n\n<hr \/>\n\n<style type=\"text\/css\">.zoom-instagram.feed-1085{font-size:14px!important;padding:1px!important;}.zoom-instagram.feed-1085 .zoom-instagram-widget__items{display:grid!important;grid-template-columns:repeat(4,1fr);}.zoom-instagram.feed-1085 .zoom-instagram-widget__items{gap:5px!important;}<\/style>\n\n\n\t\t\t\t\t\t\t\t<\/div>\n\t\t\t\t<\/div>\n\t\t\t\t\t<\/div>\n\t\t<\/div>\n\t\t\t\t\t<\/div>\n\t\t<\/section>\n\t\t\t\t<\/div>\n\t\t","protected":false},"excerpt":{"rendered":"<p>Kajakkiseura Botnia Canoe perustettiin 1996.\u00a0Seura toimii Pietarsaaressa ja sen ymp\u00e4rist\u00f6ss\u00e4. Kajakkiseura Botnia Canoe perustettiin 1996.\u00a0Seura toimii Pietarsaaressa ja sen ymp\u00e4rist\u00f6ss\u00e4. Botnia Canoe harrastaa p\u00e4\u00e4asiassa melontaa eri muodoissa retkimelonta, lyhyemm\u00e4t ja pidemm\u00e4t retket my\u00f6s y\u00f6pymisineen Tiistai melonta, joka on&#8230; <a class=\"read-more\" href=\"https:\/\/www.botnia-canoe.fi\/fi\/\">Read More<\/a><\/p>\n","protected":false},"author":3,"featured_media":0,"parent":0,"menu_order":0,"comment_status":"closed","ping_status":"closed","template":"template-full.php","meta":{"footnotes":""},"class_list":["post-526","page","type-page","status-publish","hentry","no-comments"],"_links":{"self":[{"href":"https:\/\/www.botnia-canoe.fi\/fi\/wp-json\/wp\/v2\/pages\/526","targetHints":{"allow":["GET"]}}],"collection":[{"href":"https:\/\/www.botnia-canoe.fi\/fi\/wp-json\/wp\/v2\/pages"}],"about":[{"href":"https:\/\/www.botnia-canoe.fi\/fi\/wp-json\/wp\/v2\/types\/page"}],"author":[{"embeddable":true,"href":"https:\/\/www.botnia-canoe.fi\/fi\/wp-json\/wp\/v2\/users\/3"}],"replies":[{"embeddable":true,"href":"https:\/\/www.botnia-canoe.fi\/fi\/wp-json\/wp\/v2\/comments?post=526"}],"version-history":[{"count":306,"href":"https:\/\/www.botnia-canoe.fi\/fi\/wp-json\/wp\/v2\/pages\/526\/revisions"}],"predecessor-version":[{"id":1531,"href":"https:\/\/www.botnia-canoe.fi\/fi\/wp-json\/wp\/v2\/pages\/526\/revisions\/1531"}],"wp:attachment":[{"href":"https:\/\/www.botnia-canoe.fi\/fi\/wp-json\/wp\/v2\/media?parent=526"}],"curies":[{"name":"wp","href":"https:\/\/api.w.org\/{rel}","templated":true}]}}