{"id":455,"date":"2017-06-28T07:43:32","date_gmt":"2017-06-28T05:43:32","guid":{"rendered":"https:\/\/www.botnia-canoe.fi\/?page_id=455"},"modified":"2017-06-28T07:50:14","modified_gmt":"2017-06-28T05:50:14","slug":"villkor-och-sakerhetsbestammelser","status":"publish","type":"page","link":"https:\/\/www.botnia-canoe.fi\/fi\/villkor-och-sakerhetsbestammelser\/","title":{"rendered":"Vuokraehdot ja turvallisuusohjeet"},"content":{"rendered":"<p><\/p>\n<h3><\/h3>\n<h3>Vuokraehdot<\/h3>\n<ul>\n<li style=\"font-weight: 400;\"><span style=\"font-weight: 400;\">Sinun tulee lukea turvallisuusohjeet l\u00e4pi.<\/span><\/li>\n<li style=\"font-weight: 400;\"><span style=\"font-weight: 400;\">Sinulla tulee olla melontakokemusta tai olet k\u00e4ynyt melontakurssin.<\/span><\/li>\n<li style=\"font-weight: 400;\"><span style=\"font-weight: 400;\">Aloittelijalla on oltava kokenut meloja mukana.<\/span><\/li>\n<li style=\"font-weight: 400;\"><span style=\"font-weight: 400;\">Olet t\u00e4ytt\u00e4nyt 15 vuotta.<\/span><\/li>\n<li style=\"font-weight: 400;\"><span style=\"font-weight: 400;\">Alle 18-vuotiaalta vaaditaan vanhemman tai huoltajan suostumus ja yhteystiedot.<\/span><\/li>\n<li style=\"font-weight: 400;\"><span style=\"font-weight: 400;\">Sinun on oltava raitis.<\/span><\/li>\n<li style=\"font-weight: 400;\"><span style=\"font-weight: 400;\">Sinun on oltava uimataitoinen (v\u00e4hint\u00e4\u00e4n 200 m).<\/span><\/li>\n<\/ul>\n<p>&nbsp;<\/p>\n<h3>Turvallisuusohjeet<\/h3>\n<p><span style=\"font-weight: 400;\">K\u00e4yt\u00e4 j\u00e4rke\u00e4si kaikissa tilanteissa.<\/span><\/p>\n<p><span style=\"font-weight: 400;\">Melo yhdess\u00e4 toisten kanssa \u2013 \u00e4l\u00e4 yksin.<\/span><\/p>\n<p><span style=\"font-weight: 400;\">Aloittelijan on ensin osallistuttava melontaopastukseen tai -kurssille tai melottava yhdess\u00e4 kokeneemman melojan kanssa.<\/span><\/p>\n<p><span style=\"font-weight: 400;\">K\u00e4yt\u00e4 aina kelluntaliivej\u00e4.<\/span><\/p>\n<p><span style=\"font-weight: 400;\">Sovita reitti ja melontavauhti ryhm\u00e4n heikoimman ja s\u00e4\u00e4olosuhteiden mukaan. <\/span><\/p>\n<p><span style=\"font-weight: 400;\">Tarkista s\u00e4\u00e4ennuste etuk\u00e4teen.<\/span><\/p>\n<p><span style=\"font-weight: 400;\">Ilmoita, miss\u00e4 aiot meloa.<\/span><\/p>\n<p><span style=\"font-weight: 400;\">Pid\u00e4 puhelin k\u00e4den ulottuvilla (vesitiiviisti s\u00e4ilytettyn\u00e4).<\/span><\/p>\n<p><span style=\"font-weight: 400;\">Varmista, ett\u00e4 sinut n\u00e4hd\u00e4\u00e4n kaikissa olosuhteissa (heijastimet, v\u00e4rikk\u00e4\u00e4t vaatteet, viiri).<\/span><\/p>\n<p><span style=\"font-weight: 400;\">Harkitse tarkoin suurten vesialueiden ylitt\u00e4mist\u00e4, s\u00e4\u00e4 voi muuttua hyvinkin nopeasti.<\/span><\/p>\n<p><span style=\"font-weight: 400;\">V\u00e4lt\u00e4 vilkkaasti liikenn\u00f6ityj\u00e4 vesireittej\u00e4.<\/span><\/p>\n<p>&nbsp;<\/p>\n<h4>Pid\u00e4 aina mukanasi<\/h4>\n<p><span style=\"font-weight: 400;\">Kelluntaliivi (p\u00e4\u00e4lle puettuna), jossa on vihellyspilli.<\/span><\/p>\n<p><span style=\"font-weight: 400;\">Istuinaukon peite. Varmista, ett\u00e4 se irtoaa tarvittaessa.<\/span><\/p>\n<p><span style=\"font-weight: 400;\">Tartuntakahvat keulassa ja per\u00e4osassa sek\u00e4 kansik\u00f6ysi\u00e4.<\/span><\/p>\n<p><span style=\"font-weight: 400;\">Pumppu tai vastaava, kartta ja kompassi<\/span><\/p>\n<p><span style=\"font-weight: 400;\">Varavaatteet ja pukeudu olosuhteiden mukaisiin vaatteisiin.<\/span><\/p>\n<p><b>Isot ongelmat &#8211; soita 112, \u00a0\u00a0\u00a0\u00a0\u00a0\u00a0\u00a0\u00a0\u00a0\u00a0\u00a0\u00a0\u00a0\u00a0\u00a0tai meripelastuksen h\u00e4t\u00e4numeroon 02041000<\/b><\/p>","protected":false},"excerpt":{"rendered":"<p>Vuokraehdot Sinun tulee lukea turvallisuusohjeet l\u00e4pi. Sinulla tulee olla melontakokemusta tai olet k\u00e4ynyt melontakurssin. Aloittelijalla on oltava kokenut meloja mukana. Olet t\u00e4ytt\u00e4nyt 15 vuotta. Alle 18-vuotiaalta vaaditaan vanhemman tai huoltajan suostumus ja yhteystiedot. Sinun on oltava raitis. Sinun&#8230; <a class=\"read-more\" href=\"https:\/\/www.botnia-canoe.fi\/fi\/villkor-och-sakerhetsbestammelser\/\">Read More<\/a><\/p>\n","protected":false},"author":1,"featured_media":0,"parent":0,"menu_order":0,"comment_status":"closed","ping_status":"closed","template":"","meta":{"footnotes":""},"class_list":["post-455","page","type-page","status-publish","hentry","no-comments"],"_links":{"self":[{"href":"https:\/\/www.botnia-canoe.fi\/fi\/wp-json\/wp\/v2\/pages\/455","targetHints":{"allow":["GET"]}}],"collection":[{"href":"https:\/\/www.botnia-canoe.fi\/fi\/wp-json\/wp\/v2\/pages"}],"about":[{"href":"https:\/\/www.botnia-canoe.fi\/fi\/wp-json\/wp\/v2\/types\/page"}],"author":[{"embeddable":true,"href":"https:\/\/www.botnia-canoe.fi\/fi\/wp-json\/wp\/v2\/users\/1"}],"replies":[{"embeddable":true,"href":"https:\/\/www.botnia-canoe.fi\/fi\/wp-json\/wp\/v2\/comments?post=455"}],"version-history":[{"count":4,"href":"https:\/\/www.botnia-canoe.fi\/fi\/wp-json\/wp\/v2\/pages\/455\/revisions"}],"predecessor-version":[{"id":465,"href":"https:\/\/www.botnia-canoe.fi\/fi\/wp-json\/wp\/v2\/pages\/455\/revisions\/465"}],"wp:attachment":[{"href":"https:\/\/www.botnia-canoe.fi\/fi\/wp-json\/wp\/v2\/media?parent=455"}],"curies":[{"name":"wp","href":"https:\/\/api.w.org\/{rel}","templated":true}]}}