{"id":224,"date":"2017-06-04T14:54:16","date_gmt":"2017-06-04T12:54:16","guid":{"rendered":"https:\/\/www.botnia-canoe.fi\/register\/"},"modified":"2020-06-17T17:23:08","modified_gmt":"2020-06-17T15:23:08","slug":"register","status":"publish","type":"page","link":"https:\/\/www.botnia-canoe.fi\/fi\/register\/","title":{"rendered":"Register"},"content":{"rendered":"<p>Kontakta Jesper Holmstedt f\u00f6r att skapa ett konto vid Botnia Canoe<br \/>\nEndast f\u00f6reningens medlemmar kan skapa ett konto, l\u00e4s mer om hur du blir medlem under sidan\u00a0<a href=\"https:\/\/www.botnia-canoe.fi\/bli-medlem\/\" target=\"_blank\" rel=\"noopener\">Bli medlem<\/a><\/p>","protected":false},"excerpt":{"rendered":"<p>Kontakta Jesper Holmstedt f\u00f6r att skapa ett konto vid Botnia Canoe Endast f\u00f6reningens medlemmar kan skapa ett konto, l\u00e4s mer om hur du blir medlem under sidan\u00a0Bli medlem<\/p>\n","protected":false},"author":1,"featured_media":0,"parent":0,"menu_order":0,"comment_status":"closed","ping_status":"closed","template":"","meta":{"footnotes":""},"class_list":["post-224","page","type-page","status-publish","hentry","no-comments"],"_links":{"self":[{"href":"https:\/\/www.botnia-canoe.fi\/fi\/wp-json\/wp\/v2\/pages\/224","targetHints":{"allow":["GET"]}}],"collection":[{"href":"https:\/\/www.botnia-canoe.fi\/fi\/wp-json\/wp\/v2\/pages"}],"about":[{"href":"https:\/\/www.botnia-canoe.fi\/fi\/wp-json\/wp\/v2\/types\/page"}],"author":[{"embeddable":true,"href":"https:\/\/www.botnia-canoe.fi\/fi\/wp-json\/wp\/v2\/users\/1"}],"replies":[{"embeddable":true,"href":"https:\/\/www.botnia-canoe.fi\/fi\/wp-json\/wp\/v2\/comments?post=224"}],"version-history":[{"count":3,"href":"https:\/\/www.botnia-canoe.fi\/fi\/wp-json\/wp\/v2\/pages\/224\/revisions"}],"predecessor-version":[{"id":731,"href":"https:\/\/www.botnia-canoe.fi\/fi\/wp-json\/wp\/v2\/pages\/224\/revisions\/731"}],"wp:attachment":[{"href":"https:\/\/www.botnia-canoe.fi\/fi\/wp-json\/wp\/v2\/media?parent=224"}],"curies":[{"name":"wp","href":"https:\/\/api.w.org\/{rel}","templated":true}]}}