{"id":1487,"date":"2025-05-07T09:47:55","date_gmt":"2025-05-07T07:47:55","guid":{"rendered":"https:\/\/www.botnia-canoe.fi\/?page_id=1487"},"modified":"2025-05-07T10:45:30","modified_gmt":"2025-05-07T08:45:30","slug":"bli-medlem-2","status":"publish","type":"page","link":"https:\/\/www.botnia-canoe.fi\/fi\/bli-medlem-2\/","title":{"rendered":"Bli medlem"},"content":{"rendered":"\t\t<div data-elementor-type=\"wp-page\" data-elementor-id=\"1487\" class=\"elementor elementor-1487\">\n\t\t\t\t\t\t<section class=\"elementor-section elementor-top-section elementor-element elementor-element-c8435f5 elementor-section-full_width elementor-section-stretched elementor-section-height-default elementor-section-height-default\" data-id=\"c8435f5\" data-element_type=\"section\" data-settings=\"{&quot;stretch_section&quot;:&quot;section-stretched&quot;}\">\n\t\t\t\t\t\t\t<div class=\"elementor-background-overlay\"><\/div>\n\t\t\t\t\t\t\t<div class=\"elementor-container elementor-column-gap-default\">\n\t\t\t\t\t<div class=\"elementor-column elementor-col-100 elementor-top-column elementor-element elementor-element-087345b\" data-id=\"087345b\" data-element_type=\"column\">\n\t\t\t<div class=\"elementor-widget-wrap elementor-element-populated\">\n\t\t\t\t\t\t<div class=\"elementor-element elementor-element-e050d51 elementor-widget elementor-widget-text-editor\" data-id=\"e050d51\" data-element_type=\"widget\" data-widget_type=\"text-editor.default\">\n\t\t\t\t<div class=\"elementor-widget-container\">\n\t\t\t\t\t\t\t\t\t<h3><strong><\/p>\t\t\t\t\t\t\t\t<\/div>\n\t\t\t\t<\/div>\n\t\t\t\t<div class=\"elementor-element elementor-element-f808fdf elementor-widget elementor-widget-text-editor\" data-id=\"f808fdf\" data-element_type=\"widget\" data-widget_type=\"text-editor.default\">\n\t\t\t\t<div class=\"elementor-widget-container\">\n\t\t\t\t\t\t\t\t\t<p><\/p><h2>Liity j\u00e4seneksi<\/h2><p><strong>HUOM! Vajan koodi on muuttunut vuonna 2024 &#8211; kysy sit\u00e4, kun olet maksanut j\u00e4senmaksun.<\/strong><\/p><p>Maksamalla j\u00e4senmaksun Botnia Canoen tilille FI03 5567 0720 1152 31 ja kirjoittamalla viestikentt\u00e4\u00e4n: j\u00e4senmaksu, nimi, osoite ja puhelinnumero sek\u00e4 mahdollisuuksien mukaan s\u00e4hk\u00f6postiosoitteesi.<\/p><p><strong>J\u00e4senmaksu:<\/strong><\/p><ul><li>25 \u20ac \/ henkil\u00f6<\/li><\/ul><p>Alle 16-vuotiaat eiv\u00e4t tarvitse j\u00e4senyytt\u00e4, mutta melovat <strong>AINA aikuisen J\u00c4SENEN seurassa.<\/strong><\/p><p>L\u00e4het\u00e4 my\u00f6s s\u00e4hk\u00f6postia osoitteeseen botniacanoe.info@gmail.com ja ilmoita nimesi, osoitteesi ja puhelinnumerosi.<\/p><p>Tervetuloa mukaan!<\/p><p><\/p>\t\t\t\t\t\t\t\t<\/div>\n\t\t\t\t<\/div>\n\t\t\t\t\t<\/div>\n\t\t<\/div>\n\t\t\t\t\t<\/div>\n\t\t<\/section>\n\t\t\t\t<\/div>\n\t\t","protected":false},"excerpt":{"rendered":"<p>Liity j\u00e4seneksi HUOM! Vajan koodi on muuttunut vuonna 2024 &#8211; kysy sit\u00e4, kun olet maksanut j\u00e4senmaksun. Maksamalla j\u00e4senmaksun Botnia Canoen tilille FI03 5567 0720 1152 31 ja kirjoittamalla viestikentt\u00e4\u00e4n: j\u00e4senmaksu, nimi, osoite ja puhelinnumero sek\u00e4 mahdollisuuksien mukaan s\u00e4hk\u00f6postiosoitteesi&#8230;. <a class=\"read-more\" href=\"https:\/\/www.botnia-canoe.fi\/fi\/bli-medlem-2\/\">Read More<\/a><\/p>\n","protected":false},"author":41,"featured_media":0,"parent":0,"menu_order":0,"comment_status":"closed","ping_status":"closed","template":"template-full.php","meta":{"footnotes":""},"class_list":["post-1487","page","type-page","status-publish","hentry","no-comments"],"_links":{"self":[{"href":"https:\/\/www.botnia-canoe.fi\/fi\/wp-json\/wp\/v2\/pages\/1487","targetHints":{"allow":["GET"]}}],"collection":[{"href":"https:\/\/www.botnia-canoe.fi\/fi\/wp-json\/wp\/v2\/pages"}],"about":[{"href":"https:\/\/www.botnia-canoe.fi\/fi\/wp-json\/wp\/v2\/types\/page"}],"author":[{"embeddable":true,"href":"https:\/\/www.botnia-canoe.fi\/fi\/wp-json\/wp\/v2\/users\/41"}],"replies":[{"embeddable":true,"href":"https:\/\/www.botnia-canoe.fi\/fi\/wp-json\/wp\/v2\/comments?post=1487"}],"version-history":[{"count":15,"href":"https:\/\/www.botnia-canoe.fi\/fi\/wp-json\/wp\/v2\/pages\/1487\/revisions"}],"predecessor-version":[{"id":1521,"href":"https:\/\/www.botnia-canoe.fi\/fi\/wp-json\/wp\/v2\/pages\/1487\/revisions\/1521"}],"wp:attachment":[{"href":"https:\/\/www.botnia-canoe.fi\/fi\/wp-json\/wp\/v2\/media?parent=1487"}],"curies":[{"name":"wp","href":"https:\/\/api.w.org\/{rel}","templated":true}]}}