{"id":1441,"date":"2025-05-07T09:25:10","date_gmt":"2025-05-07T07:25:10","guid":{"rendered":"https:\/\/www.botnia-canoe.fi\/?page_id=1441"},"modified":"2025-05-07T10:36:54","modified_gmt":"2025-05-07T08:36:54","slug":"hyr-kajak-2","status":"publish","type":"page","link":"https:\/\/www.botnia-canoe.fi\/fi\/hyr-kajak-2\/","title":{"rendered":"Hyr kajak"},"content":{"rendered":"\t\t<div data-elementor-type=\"wp-page\" data-elementor-id=\"1441\" class=\"elementor elementor-1441\">\n\t\t\t\t\t\t<section class=\"elementor-section elementor-top-section elementor-element elementor-element-c8435f5 elementor-section-full_width elementor-section-stretched elementor-section-height-default elementor-section-height-default\" data-id=\"c8435f5\" data-element_type=\"section\" data-settings=\"{&quot;stretch_section&quot;:&quot;section-stretched&quot;}\">\n\t\t\t\t\t\t\t<div class=\"elementor-background-overlay\"><\/div>\n\t\t\t\t\t\t\t<div class=\"elementor-container elementor-column-gap-default\">\n\t\t\t\t\t<div class=\"elementor-column elementor-col-100 elementor-top-column elementor-element elementor-element-087345b\" data-id=\"087345b\" data-element_type=\"column\">\n\t\t\t<div class=\"elementor-widget-wrap elementor-element-populated\">\n\t\t\t\t\t\t<div class=\"elementor-element elementor-element-e050d51 elementor-widget elementor-widget-text-editor\" data-id=\"e050d51\" data-element_type=\"widget\" data-widget_type=\"text-editor.default\">\n\t\t\t\t<div class=\"elementor-widget-container\">\n\t\t\t\t\t\t\t\t\t<h3><strong><\/p>\t\t\t\t\t\t\t\t<\/div>\n\t\t\t\t<\/div>\n\t\t\t\t<div class=\"elementor-element elementor-element-f808fdf elementor-widget elementor-widget-text-editor\" data-id=\"f808fdf\" data-element_type=\"widget\" data-widget_type=\"text-editor.default\">\n\t\t\t\t<div class=\"elementor-widget-container\">\n\t\t\t\t\t\t\t\t\t<p><\/p><h3><strong>Yhdistyksen j\u00e4senet <\/strong><\/h3><h3><strong>(Vain yhdistyksen j\u00e4senet voivat vuokrata kajakkeja)<\/strong><\/h3><p>&#8211; 10 \u20ac \/ p\u00e4iv\u00e4 yhden hengen kajakki<br \/>&#8211; 15 \u20ac \/ p\u00e4iv\u00e4 kahden hengen kajakki<\/p><p>Alle 16-vuotiaat vuokraavat ilmaiseksi, <span style=\"text-decoration: underline;\"><strong>aikuinen j\u00e4senen seurassa.<\/strong><\/span><\/p><p>Kun olet vuokrannut 6 kertaa tai maksanut 60 \u20ac, se on voimassa vuokrauksena loppukauden. Rekister\u00f6ityneet j\u00e4senet voivat tehd\u00e4 varauksen nettisivujen kautta.<br \/>Rekister\u00f6ityminen: ota yhteytt\u00e4 Jesper Holmstedtiin (jesperholmstedt@gmail.com), samalla voit pyyt\u00e4\u00e4 avainkoodin kajakkivarastoon.<\/p><p>Kun olet rekister\u00f6itynyt j\u00e4seneksi ja saanut vahvistuksen, voit varata kajakin <a href=\"https:\/\/www.botnia-canoe.fi\/login\/?redirect_to=https%3A%2F%2Fwww.botnia-canoe.fi%2Fboka-kajak%2F\">t\u00e4\u00e4lt\u00e4.<\/a><\/p><p>Maksa vuokra Botnia Canoesin tilille: FI03 5567 0720 1152 31. <br \/>Kirjoita viestikentt\u00e4\u00e4n kajakin vuokraus ja nimesi.<\/p><p>Voit maksaa my\u00f6s e-passilla<\/p><p>Kajakkien s\u00e4ilytys yksityisille kajakeille vajassa:<br \/><strong>30\u20ac \/ kajakki \/ vuosi<\/strong><\/p><h3>Kajakin vuokraus ryhmille<\/h3><p>Haluatko varata kajakkeja yritysryhm\u00e4lle tai muuhun tapahtumaan?<br \/><strong>Ota yhteytt\u00e4 osoitteeseen botniacanoe.info@gmail.com<\/strong><\/p><h4>Varusteiden vuokraus<\/h4><p>Varusteet sis\u00e4ltyv\u00e4t: Aukkopeitteet, pelastusliivit, mela.<\/p><p><br \/><strong>Jos haluat ostaa melontakartan, ota meihin yhteytt\u00e4, niin hoidamme asian.<\/strong><\/p><p><\/p>\t\t\t\t\t\t\t\t<\/div>\n\t\t\t\t<\/div>\n\t\t\t\t\t<\/div>\n\t\t<\/div>\n\t\t\t\t\t<\/div>\n\t\t<\/section>\n\t\t\t\t<\/div>\n\t\t","protected":false},"excerpt":{"rendered":"<p>Yhdistyksen j\u00e4senet (Vain yhdistyksen j\u00e4senet voivat vuokrata kajakkeja) &#8211; 10 \u20ac \/ p\u00e4iv\u00e4 yhden hengen kajakki&#8211; 15 \u20ac \/ p\u00e4iv\u00e4 kahden hengen kajakki Alle 16-vuotiaat vuokraavat ilmaiseksi, aikuinen j\u00e4senen seurassa. Kun olet vuokrannut 6 kertaa tai maksanut 60&#8230; <a class=\"read-more\" href=\"https:\/\/www.botnia-canoe.fi\/fi\/hyr-kajak-2\/\">Read More<\/a><\/p>\n","protected":false},"author":41,"featured_media":0,"parent":0,"menu_order":0,"comment_status":"closed","ping_status":"closed","template":"template-full.php","meta":{"footnotes":""},"class_list":["post-1441","page","type-page","status-publish","hentry","no-comments"],"_links":{"self":[{"href":"https:\/\/www.botnia-canoe.fi\/fi\/wp-json\/wp\/v2\/pages\/1441","targetHints":{"allow":["GET"]}}],"collection":[{"href":"https:\/\/www.botnia-canoe.fi\/fi\/wp-json\/wp\/v2\/pages"}],"about":[{"href":"https:\/\/www.botnia-canoe.fi\/fi\/wp-json\/wp\/v2\/types\/page"}],"author":[{"embeddable":true,"href":"https:\/\/www.botnia-canoe.fi\/fi\/wp-json\/wp\/v2\/users\/41"}],"replies":[{"embeddable":true,"href":"https:\/\/www.botnia-canoe.fi\/fi\/wp-json\/wp\/v2\/comments?post=1441"}],"version-history":[{"count":54,"href":"https:\/\/www.botnia-canoe.fi\/fi\/wp-json\/wp\/v2\/pages\/1441\/revisions"}],"predecessor-version":[{"id":1518,"href":"https:\/\/www.botnia-canoe.fi\/fi\/wp-json\/wp\/v2\/pages\/1441\/revisions\/1518"}],"wp:attachment":[{"href":"https:\/\/www.botnia-canoe.fi\/fi\/wp-json\/wp\/v2\/media?parent=1441"}],"curies":[{"name":"wp","href":"https:\/\/api.w.org\/{rel}","templated":true}]}}